{"id":2778,"date":"2026-02-10T08:52:43","date_gmt":"2026-02-10T08:52:43","guid":{"rendered":"https:\/\/brzet.hr\/cookie-policy\/"},"modified":"2026-02-10T08:54:44","modified_gmt":"2026-02-10T08:54:44","slug":"cookie-policy","status":"publish","type":"page","link":"https:\/\/brzet.hr\/hr\/cookie-policy\/","title":{"rendered":"Politika kola\u010di\u0107a"},"content":{"rendered":"<div class=\"wpb-content-wrapper\"><p>[vc_row][vc_column][vc_raw_js]JTNDc2NyaXB0JTIwaWQlM0QlMjJDb29raWVEZWNsYXJhdGlvbiUyMiUyMHNyYyUzRCUyMmh0dHBzJTNBJTJGJTJGY29uc2VudC5jb29raWVib3QuY29tJTJGNmFjOTk3NzktYmViOS00N2JkLWIwMzgtYTkzM2Y3ZDljYTJmJTJGY2QuanMlMjIlMjB0eXBlJTNEJTIydGV4dCUyRmphdmFzY3JpcHQlMjIlMjBhc3luYyUzRSUzQyUyRnNjcmlwdCUzRQ==[\/vc_raw_js][\/vc_column][\/vc_row]<\/p>\n<\/div>","protected":false},"excerpt":{"rendered":"<p>[vc_row][vc_column][vc_raw_js]JTNDc2NyaXB0JTIwaWQlM0QlMjJDb29raWVEZWNsYXJhdGlvbiUyMiUyMHNyYyUzRCUyMmh0dHBzJTNBJTJGJTJGY29uc2VudC5jb29raWVib3QuY29tJTJGNmFjOTk3NzktYmViOS00N2JkLWIwMzgtYTkzM2Y3ZDljYTJmJTJGY2QuanMlMjIlMjB0eXBlJTNEJTIydGV4dCUyRmphdmFzY3JpcHQlMjIlMjBhc3luYyUzRSUzQyUyRnNjcmlwdCUzRQ==[\/vc_raw_js][\/vc_column][\/vc_row]<\/p>\n","protected":false},"author":1,"featured_media":0,"parent":0,"menu_order":0,"comment_status":"closed","ping_status":"closed","template":"","meta":{"footnotes":""},"class_list":["post-2778","page","type-page","status-publish","hentry","description-off"],"yoast_head":"<!-- This site is optimized with the Yoast SEO plugin v26.9 - https:\/\/yoast.com\/product\/yoast-seo-wordpress\/ -->\n<title>Politika kola\u010di\u0107a - Turisti\u010dko naselje Brzet<\/title>\n<meta name=\"robots\" content=\"index, follow, max-snippet:-1, max-image-preview:large, max-video-preview:-1\" \/>\n<link rel=\"canonical\" href=\"https:\/\/brzet.hr\/hr\/cookie-policy\/\" \/>\n<meta property=\"og:locale\" content=\"hr_HR\" \/>\n<meta property=\"og:type\" content=\"article\" \/>\n<meta property=\"og:title\" content=\"Politika kola\u010di\u0107a - Turisti\u010dko naselje Brzet\" \/>\n<meta property=\"og:description\" content=\"[vc_row][vc_column][vc_raw_js]JTNDc2NyaXB0JTIwaWQlM0QlMjJDb29raWVEZWNsYXJhdGlvbiUyMiUyMHNyYyUzRCUyMmh0dHBzJTNBJTJGJTJGY29uc2VudC5jb29raWVib3QuY29tJTJGNmFjOTk3NzktYmViOS00N2JkLWIwMzgtYTkzM2Y3ZDljYTJmJTJGY2QuanMlMjIlMjB0eXBlJTNEJTIydGV4dCUyRmphdmFzY3JpcHQlMjIlMjBhc3luYyUzRSUzQyUyRnNjcmlwdCUzRQ==[\/vc_raw_js][\/vc_column][\/vc_row]\" \/>\n<meta property=\"og:url\" content=\"https:\/\/brzet.hr\/hr\/cookie-policy\/\" \/>\n<meta property=\"og:site_name\" content=\"Turisti\u010dko naselje Brzet\" \/>\n<meta property=\"article:modified_time\" content=\"2026-02-10T08:54:44+00:00\" \/>\n<meta name=\"twitter:card\" content=\"summary_large_image\" \/>\n<meta name=\"twitter:label1\" content=\"Procijenjeno vrijeme \u010ditanja\" \/>\n\t<meta name=\"twitter:data1\" content=\"1 minuta\" \/>\n<script type=\"application\/ld+json\" class=\"yoast-schema-graph\">{\"@context\":\"https:\/\/schema.org\",\"@graph\":[{\"@type\":\"WebPage\",\"@id\":\"https:\/\/brzet.hr\/hr\/cookie-policy\/\",\"url\":\"https:\/\/brzet.hr\/hr\/cookie-policy\/\",\"name\":\"Politika kola\u010di\u0107a - Turisti\u010dko naselje Brzet\",\"isPartOf\":{\"@id\":\"https:\/\/brzet.hr\/#website\"},\"datePublished\":\"2026-02-10T08:52:43+00:00\",\"dateModified\":\"2026-02-10T08:54:44+00:00\",\"breadcrumb\":{\"@id\":\"https:\/\/brzet.hr\/hr\/cookie-policy\/#breadcrumb\"},\"inLanguage\":\"hr\",\"potentialAction\":[{\"@type\":\"ReadAction\",\"target\":[\"https:\/\/brzet.hr\/hr\/cookie-policy\/\"]}]},{\"@type\":\"BreadcrumbList\",\"@id\":\"https:\/\/brzet.hr\/hr\/cookie-policy\/#breadcrumb\",\"itemListElement\":[{\"@type\":\"ListItem\",\"position\":1,\"name\":\"Home\",\"item\":\"https:\/\/brzet.hr\/hr\/\"},{\"@type\":\"ListItem\",\"position\":2,\"name\":\"Politika kola\u010di\u0107a\"}]},{\"@type\":\"WebSite\",\"@id\":\"https:\/\/brzet.hr\/#website\",\"url\":\"https:\/\/brzet.hr\/\",\"name\":\"Brzet Tourist Settlement\",\"description\":\"\",\"publisher\":{\"@id\":\"https:\/\/brzet.hr\/#organization\"},\"potentialAction\":[{\"@type\":\"SearchAction\",\"target\":{\"@type\":\"EntryPoint\",\"urlTemplate\":\"https:\/\/brzet.hr\/?s={search_term_string}\"},\"query-input\":{\"@type\":\"PropertyValueSpecification\",\"valueRequired\":true,\"valueName\":\"search_term_string\"}}],\"inLanguage\":\"hr\"},{\"@type\":\"Organization\",\"@id\":\"https:\/\/brzet.hr\/#organization\",\"name\":\"Turisti\u010dko naselje Brzet\",\"url\":\"https:\/\/brzet.hr\/\",\"logo\":{\"@type\":\"ImageObject\",\"inLanguage\":\"hr\",\"@id\":\"https:\/\/brzet.hr\/#\/schema\/logo\/image\/\",\"url\":\"https:\/\/brzet.hr\/wp-content\/uploads\/2026\/02\/logo.png\",\"contentUrl\":\"https:\/\/brzet.hr\/wp-content\/uploads\/2026\/02\/logo.png\",\"width\":424,\"height\":284,\"caption\":\"Turisti\u010dko naselje Brzet\"},\"image\":{\"@id\":\"https:\/\/brzet.hr\/#\/schema\/logo\/image\/\"}}]}<\/script>\n<!-- \/ Yoast SEO plugin. -->","yoast_head_json":{"title":"Politika kola\u010di\u0107a - Turisti\u010dko naselje Brzet","robots":{"index":"index","follow":"follow","max-snippet":"max-snippet:-1","max-image-preview":"max-image-preview:large","max-video-preview":"max-video-preview:-1"},"canonical":"https:\/\/brzet.hr\/hr\/cookie-policy\/","og_locale":"hr_HR","og_type":"article","og_title":"Politika kola\u010di\u0107a - Turisti\u010dko naselje Brzet","og_description":"[vc_row][vc_column][vc_raw_js]JTNDc2NyaXB0JTIwaWQlM0QlMjJDb29raWVEZWNsYXJhdGlvbiUyMiUyMHNyYyUzRCUyMmh0dHBzJTNBJTJGJTJGY29uc2VudC5jb29raWVib3QuY29tJTJGNmFjOTk3NzktYmViOS00N2JkLWIwMzgtYTkzM2Y3ZDljYTJmJTJGY2QuanMlMjIlMjB0eXBlJTNEJTIydGV4dCUyRmphdmFzY3JpcHQlMjIlMjBhc3luYyUzRSUzQyUyRnNjcmlwdCUzRQ==[\/vc_raw_js][\/vc_column][\/vc_row]","og_url":"https:\/\/brzet.hr\/hr\/cookie-policy\/","og_site_name":"Turisti\u010dko naselje Brzet","article_modified_time":"2026-02-10T08:54:44+00:00","twitter_card":"summary_large_image","twitter_misc":{"Procijenjeno vrijeme \u010ditanja":"1 minuta"},"schema":{"@context":"https:\/\/schema.org","@graph":[{"@type":"WebPage","@id":"https:\/\/brzet.hr\/hr\/cookie-policy\/","url":"https:\/\/brzet.hr\/hr\/cookie-policy\/","name":"Politika kola\u010di\u0107a - Turisti\u010dko naselje Brzet","isPartOf":{"@id":"https:\/\/brzet.hr\/#website"},"datePublished":"2026-02-10T08:52:43+00:00","dateModified":"2026-02-10T08:54:44+00:00","breadcrumb":{"@id":"https:\/\/brzet.hr\/hr\/cookie-policy\/#breadcrumb"},"inLanguage":"hr","potentialAction":[{"@type":"ReadAction","target":["https:\/\/brzet.hr\/hr\/cookie-policy\/"]}]},{"@type":"BreadcrumbList","@id":"https:\/\/brzet.hr\/hr\/cookie-policy\/#breadcrumb","itemListElement":[{"@type":"ListItem","position":1,"name":"Home","item":"https:\/\/brzet.hr\/hr\/"},{"@type":"ListItem","position":2,"name":"Politika kola\u010di\u0107a"}]},{"@type":"WebSite","@id":"https:\/\/brzet.hr\/#website","url":"https:\/\/brzet.hr\/","name":"Brzet Tourist Settlement","description":"","publisher":{"@id":"https:\/\/brzet.hr\/#organization"},"potentialAction":[{"@type":"SearchAction","target":{"@type":"EntryPoint","urlTemplate":"https:\/\/brzet.hr\/?s={search_term_string}"},"query-input":{"@type":"PropertyValueSpecification","valueRequired":true,"valueName":"search_term_string"}}],"inLanguage":"hr"},{"@type":"Organization","@id":"https:\/\/brzet.hr\/#organization","name":"Turisti\u010dko naselje Brzet","url":"https:\/\/brzet.hr\/","logo":{"@type":"ImageObject","inLanguage":"hr","@id":"https:\/\/brzet.hr\/#\/schema\/logo\/image\/","url":"https:\/\/brzet.hr\/wp-content\/uploads\/2026\/02\/logo.png","contentUrl":"https:\/\/brzet.hr\/wp-content\/uploads\/2026\/02\/logo.png","width":424,"height":284,"caption":"Turisti\u010dko naselje Brzet"},"image":{"@id":"https:\/\/brzet.hr\/#\/schema\/logo\/image\/"}}]}},"_links":{"self":[{"href":"https:\/\/brzet.hr\/hr\/wp-json\/wp\/v2\/pages\/2778","targetHints":{"allow":["GET"]}}],"collection":[{"href":"https:\/\/brzet.hr\/hr\/wp-json\/wp\/v2\/pages"}],"about":[{"href":"https:\/\/brzet.hr\/hr\/wp-json\/wp\/v2\/types\/page"}],"author":[{"embeddable":true,"href":"https:\/\/brzet.hr\/hr\/wp-json\/wp\/v2\/users\/1"}],"replies":[{"embeddable":true,"href":"https:\/\/brzet.hr\/hr\/wp-json\/wp\/v2\/comments?post=2778"}],"version-history":[{"count":1,"href":"https:\/\/brzet.hr\/hr\/wp-json\/wp\/v2\/pages\/2778\/revisions"}],"predecessor-version":[{"id":2779,"href":"https:\/\/brzet.hr\/hr\/wp-json\/wp\/v2\/pages\/2778\/revisions\/2779"}],"wp:attachment":[{"href":"https:\/\/brzet.hr\/hr\/wp-json\/wp\/v2\/media?parent=2778"}],"curies":[{"name":"wp","href":"https:\/\/api.w.org\/{rel}","templated":true}]}}