{"id":2660,"date":"2026-02-02T10:50:29","date_gmt":"2026-02-02T10:50:29","guid":{"rendered":"https:\/\/brzet.hr\/event-organisation\/"},"modified":"2026-02-10T09:04:47","modified_gmt":"2026-02-10T09:04:47","slug":"organizacija-dogadanja","status":"publish","type":"page","link":"https:\/\/brzet.hr\/hr\/organizacija-dogadanja\/","title":{"rendered":"Organizacija doga\u0111anja"},"content":{"rendered":"<div class=\"wpb-content-wrapper\"><p>[vc_row content_placement=&#8221;middle&#8221; css=&#8221;.vc_custom_1568800435269{margin-right: 0px !important;margin-left: 0px !important;padding-top: 35px !important;padding-bottom: 80px !important;}&#8221;][vc_column parallax=&#8221;content-moving&#8221; parallax_image=&#8221;2423&#8243; width=&#8221;1\/2&#8243; css=&#8221;.vc_custom_1770119320821{margin-top: -60px !important;margin-right: 0px !important;padding-top: 200px !important;padding-right: 0px !important;padding-bottom: 200px !important;}&#8221;][\/vc_column][vc_column width=&#8221;1\/2&#8243; css=&#8221;.vc_custom_1566654200276{padding-top: 20% !important;padding-right: 12% !important;padding-bottom: 19% !important;padding-left: 12% !important;background-color: #ffffff !important;}&#8221;][vc_column_text css=&#8221;&#8221;]<span style=\"font-weight: 400;\">Turisti\u010dko naselje Brzet nudi profesionalnu <\/span><b>organizaciju doga\u0111anja i cateringa<\/b><span style=\"font-weight: 400;\">, prilago\u0111enu va\u0161im \u017eeljama i potrebama, u prekrasnom ambijentu uz more.<\/span><\/p>\n<h3><b>Prostor i kapacitet<\/b><\/h3>\n<ul>\n<li style=\"font-weight: 400;\" aria-level=\"1\"><b>Restoran:<\/b><span style=\"font-weight: 400;\"> do 190\u2013200 sjede\u0107ih mjesta<\/span><span style=\"font-weight: 400;\"><br \/>\n<\/span><\/li>\n<li style=\"font-weight: 400;\" aria-level=\"1\"><b>Terasa:<\/b><span style=\"font-weight: 400;\"> fleksibilan kapacitet, idealna za prijeme i cocktail doga\u0111anja<\/span><\/li>\n<\/ul>\n<p>&nbsp;<\/p>\n<h3><b>Vrste doga\u0111anja<\/b><\/h3>\n<ul>\n<li style=\"font-weight: 400;\" aria-level=\"1\"><span style=\"font-weight: 400;\">Prve pri\u010desti, krizme i kr\u0161tenja<\/span><span style=\"font-weight: 400;\"><br \/>\n<\/span><\/li>\n<li style=\"font-weight: 400;\" aria-level=\"1\"><span style=\"font-weight: 400;\">Ro\u0111endani i obiteljske proslave<\/span><span style=\"font-weight: 400;\"><br \/>\n<\/span><\/li>\n<li style=\"font-weight: 400;\" aria-level=\"1\"><span style=\"font-weight: 400;\">Poslovna doga\u0111anja i korporativna okupljanja<\/span><span style=\"font-weight: 400;\"><br \/>\n<\/span><\/li>\n<li style=\"font-weight: 400;\" aria-level=\"1\"><span style=\"font-weight: 400;\">Sve\u010dani prijemi i cocktail zabave<\/span><\/li>\n<\/ul>\n<p>&nbsp;<\/p>\n<h3><b>Catering opcije<\/b><\/h3>\n<ul>\n<li style=\"font-weight: 400;\" aria-level=\"1\"><span style=\"font-weight: 400;\">Buffet usluga, servirane ve\u010dere ili finger food<\/span><span style=\"font-weight: 400;\"><br \/>\n<\/span><\/li>\n<li style=\"font-weight: 400;\" aria-level=\"1\"><span style=\"font-weight: 400;\">Desertni stolovi<\/span><span style=\"font-weight: 400;\"><br \/>\n<\/span><\/li>\n<li style=\"font-weight: 400;\" aria-level=\"1\"><span style=\"font-weight: 400;\">Alkoholna i bezalkoholna pi\u0107a<\/span><span style=\"font-weight: 400;\"><br \/>\n<\/span><\/li>\n<li style=\"font-weight: 400;\" aria-level=\"1\"><span style=\"font-weight: 400;\">Prilago\u0111eni meniji prema \u017eeljama gostiju<\/span><\/li>\n<\/ul>\n<p>&nbsp;<\/p>\n<h3><b>Glazba i dekoracija<\/b><\/h3>\n<ul>\n<li style=\"font-weight: 400;\" aria-level=\"1\"><span style=\"font-weight: 400;\">Organizacija glazbe<\/span><span style=\"font-weight: 400;\"><br \/>\n<\/span><\/li>\n<li style=\"font-weight: 400;\" aria-level=\"1\"><span style=\"font-weight: 400;\">Ure\u0111enje prostora prilago\u0111eno doga\u0111anju<\/span><\/li>\n<\/ul>\n<p>[\/vc_column_text][\/vc_column][\/vc_row][vc_row][vc_column]<div class=\"ult-spacer spacer-69eecd1fb0f18\" data-id=\"69eecd1fb0f18\" data-height=\"30\" data-height-mobile=\"30\" data-height-tab=\"30\" data-height-tab-portrait=\"\" data-height-mobile-landscape=\"\" style=\"clear:both;display:block;\"><\/div>[\/vc_column][\/vc_row][vc_row][vc_column]<style type=\"text\/css\" data-type=\"the7_shortcodes-inline-css\">.gallery-carousel-shortcode.gallery-carousel-shortcode-id-1669c42298b6ab3afd36c1da9b794642.owl-carousel .owl-nav div {\n  width: 36px;\n  height: 36px;\n  border-radius: 500px;\n}\n.dt-arrow-border-on.gallery-carousel-shortcode.gallery-carousel-shortcode-id-1669c42298b6ab3afd36c1da9b794642.owl-carousel .owl-nav div:not(:hover):before {\n  border-width: 0px;\n}\n.dt-arrow-hover-border-on.gallery-carousel-shortcode.gallery-carousel-shortcode-id-1669c42298b6ab3afd36c1da9b794642.owl-carousel .owl-nav div:hover:after {\n  border-width: 0px;\n}\n.gallery-carousel-shortcode.gallery-carousel-shortcode-id-1669c42298b6ab3afd36c1da9b794642.owl-carousel .owl-nav div.owl-prev {\n  top: 50%;\n  transform: translateY(calc(-50% + 0px));\n  left: -43px;\n}\n@media all and (-ms-high-contrast: none) {\n  .gallery-carousel-shortcode.gallery-carousel-shortcode-id-1669c42298b6ab3afd36c1da9b794642.owl-carousel .owl-nav div.owl-prev {\n    transform: translateY(-50%);\n    margin-top: 0px;\n  }\n}\n.gallery-carousel-shortcode.gallery-carousel-shortcode-id-1669c42298b6ab3afd36c1da9b794642.owl-carousel .owl-nav div.owl-prev i {\n  padding: 0px 0px 0px 0px;\n}\n.gallery-carousel-shortcode.gallery-carousel-shortcode-id-1669c42298b6ab3afd36c1da9b794642.owl-carousel .owl-nav div.owl-next {\n  top: 50%;\n  transform: translateY(calc(-50% + 0px));\n  right: -43px;\n}\n@media all and (-ms-high-contrast: none) {\n  .gallery-carousel-shortcode.gallery-carousel-shortcode-id-1669c42298b6ab3afd36c1da9b794642.owl-carousel .owl-nav div.owl-next {\n    transform: translateY(-50%);\n    margin-top: 0px;\n  }\n}\n.gallery-carousel-shortcode.gallery-carousel-shortcode-id-1669c42298b6ab3afd36c1da9b794642.owl-carousel .owl-nav div.owl-next i {\n  padding: 0px 0px 0px 0px;\n}\n.gallery-carousel-shortcode.gallery-carousel-shortcode-id-1669c42298b6ab3afd36c1da9b794642.owl-carousel .owl-nav i {\n  font-size: 18px;\n}\n.gallery-carousel-shortcode.gallery-carousel-shortcode-id-1669c42298b6ab3afd36c1da9b794642.owl-carousel .owl-nav div:not(:hover) i,\n.gallery-carousel-shortcode.gallery-carousel-shortcode-id-1669c42298b6ab3afd36c1da9b794642.owl-carousel .owl-nav div:not(:hover) i:before {\n  color: #ffffff;\n  background: none;\n}\n.gallery-carousel-shortcode.gallery-carousel-shortcode-id-1669c42298b6ab3afd36c1da9b794642.owl-carousel .owl-nav div:hover i,\n.gallery-carousel-shortcode.gallery-carousel-shortcode-id-1669c42298b6ab3afd36c1da9b794642.owl-carousel .owl-nav div:hover i:before {\n  color: rgba(255,255,255,0.75);\n  background: none;\n}\n.gallery-carousel-shortcode.gallery-carousel-shortcode-id-1669c42298b6ab3afd36c1da9b794642 .owl-dots {\n  top: calc(100% + 20px);\n  left: 50%;\n  transform: translateX(calc(-50% + 0px));\n}\n@media all and (-ms-high-contrast: none) {\n  .gallery-carousel-shortcode.gallery-carousel-shortcode-id-1669c42298b6ab3afd36c1da9b794642 .owl-dots {\n    transform: translateX(-50%);\n    margin-left: 0px;\n  }\n}\n.gallery-carousel-shortcode.gallery-carousel-shortcode-id-1669c42298b6ab3afd36c1da9b794642 .owl-dot {\n  width: 10px;\n  height: 10px;\n  margin: 0 8px;\n}\n@media screen and (max-width: 778px) {\n  .gallery-carousel-shortcode.gallery-carousel-shortcode-id-1669c42298b6ab3afd36c1da9b794642.hide-arrows .owl-nav a {\n    display: none;\n  }\n}\n@media screen and (max-width: 778px) {\n  .gallery-carousel-shortcode.gallery-carousel-shortcode-id-1669c42298b6ab3afd36c1da9b794642.reposition-arrows .owl-nav div.owl-prev {\n    top: 50%;\n    transform: translateY(calc(-50% + 0px));\n    left: 10px;\n  }\n  .gallery-carousel-shortcode.gallery-carousel-shortcode-id-1669c42298b6ab3afd36c1da9b794642.reposition-arrows .owl-nav div.owl-next {\n    top: 50%;\n    transform: translateY(calc(-50% + 0px));\n    right: 10px;\n  }\n}\n@media screen and (max-width: 778px) and all and (-ms-high-contrast: none) {\n  .gallery-carousel-shortcode.gallery-carousel-shortcode-id-1669c42298b6ab3afd36c1da9b794642.reposition-arrows .owl-nav div.owl-prev {\n    transform: translateY(-50%);\n    margin-top: 0px;\n  }\n}\n@media screen and (max-width: 778px) and all and (-ms-high-contrast: none) {\n  .gallery-carousel-shortcode.gallery-carousel-shortcode-id-1669c42298b6ab3afd36c1da9b794642.reposition-arrows .owl-nav div.owl-next {\n    transform: translateY(-50%);\n    margin-top: 0px;\n  }\n}\n.gallery-carousel-shortcode.gallery-carousel-shortcode-id-1669c42298b6ab3afd36c1da9b794642 figure,\n.gallery-carousel-shortcode.gallery-carousel-shortcode-id-1669c42298b6ab3afd36c1da9b794642 .rollover,\n.gallery-carousel-shortcode.gallery-carousel-shortcode-id-1669c42298b6ab3afd36c1da9b794642 img,\n.gallery-carousel-shortcode.gallery-carousel-shortcode-id-1669c42298b6ab3afd36c1da9b794642 .gallery-rollover {\n  border-radius: 0px;\n}\n.gallery-carousel-shortcode.gallery-carousel-shortcode-id-1669c42298b6ab3afd36c1da9b794642.enable-bg-rollover .gallery-rollover {\n  background: -webkit-linear-gradient();\n  background: linear-gradient();\n}\n.gallery-carousel-shortcode.gallery-carousel-shortcode-id-1669c42298b6ab3afd36c1da9b794642.enable-img-shadow .owl-stage-outer {\n  padding: 14px 0;\n}\n.gallery-carousel-shortcode.gallery-carousel-shortcode-id-1669c42298b6ab3afd36c1da9b794642.enable-bg-rollover.hover-scale figure .rollover:after {\n  background: -webkit-linear-gradient();\n  background: linear-gradient();\n}\n.gallery-carousel-shortcode.gallery-carousel-shortcode-id-1669c42298b6ab3afd36c1da9b794642.gallery-shortcode .gallery-zoom-ico {\n  width: 44px;\n  height: 44px;\n  line-height: 44px;\n  border-radius: 100px;\n  margin: -22px 0 0 -22px;\n  border-width: 0px;\n}\n.dt-icon-bg-on.gallery-carousel-shortcode.gallery-carousel-shortcode-id-1669c42298b6ab3afd36c1da9b794642.gallery-shortcode .gallery-zoom-ico {\n  background: rgba(255,255,255,0.3);\n  box-shadow: none;\n}\n.gallery-carousel-shortcode.gallery-carousel-shortcode-id-1669c42298b6ab3afd36c1da9b794642.gallery-shortcode .gallery-zoom-ico:before,\n.gallery-carousel-shortcode.gallery-carousel-shortcode-id-1669c42298b6ab3afd36c1da9b794642.gallery-shortcode .gallery-zoom-ico span {\n  font-size: 32px;\n  line-height: 44px;\n  color: #ffffff;\n  background: none;\n}<\/style><div class=\"owl-carousel gallery-carousel-shortcode gallery-shortcode  dt-gallery-container dt-owl-carousel-call gallery-carousel-shortcode-id-1669c42298b6ab3afd36c1da9b794642 quick-scale-img enable-bg-rollover meta-info-off dt-arrow-border-on dt-arrow-hover-border-on bullets-small-dot-stroke reposition-arrows dt-icon-bg-off arrows-bg-on disable-arrows-hover-bg arrows-hover-bg-on  hover-fade \" data-scroll-mode=\"1\" data-col-num=\"3\" data-wide-col-num=\"3\" data-laptop-col=\"3\" data-h-tablet-columns-num=\"3\" data-v-tablet-columns-num=\"3\" data-phone-columns-num=\"1\" data-col-gap=\"10\" data-stage-padding=\"0\" data-speed=\"600\" data-autoplay=\"false\" data-autoplay_speed=\"6000\" data-arrows=\"true\" data-bullet=\"false\" data-next-icon=\"icon-ar-017-r\" data-prev-icon=\"icon-ar-017-l\" data-img-shadow-size=\"12px\" data-img-shadow-spread=\"3px\"><div data-post-id=\"2623\" data-date=\"2026-02-09T10:43:40+00:00\" data-name=\"WhatsApp Image 2026-02-09 at 08.16.55 (2)\"><figure class=\"post\"><a href=\"https:\/\/brzet.hr\/wp-content\/uploads\/2026\/02\/WhatsApp-Image-2026-02-09-at-08.16.55-2.jpeg\" class=\"rollover dt-pswp-item layzr-bg\" data-large_image_width=\"1200\" data-large_image_height=\"1600\" data-dt-img-description=\"\" title=\"WhatsApp Image 2026-02-09 at 08.16.55 (2)\"><img fetchpriority=\"high\" decoding=\"async\" class=\"preload-me owl-lazy-load aspect\" src=\"data:image\/svg+xml,%3Csvg%20xmlns%3D&#39;http%3A%2F%2Fwww.w3.org%2F2000%2Fsvg&#39;%20viewBox%3D&#39;0%200%201200%201200&#39;%2F%3E\" data-src=\"https:\/\/brzet.hr\/wp-content\/uploads\/2026\/02\/WhatsApp-Image-2026-02-09-at-08.16.55-2-1200x1200.jpeg\" data-srcset=\"https:\/\/brzet.hr\/wp-content\/uploads\/2026\/02\/WhatsApp-Image-2026-02-09-at-08.16.55-2-1200x1200.jpeg 1200w\" loading=\"eager\" style=\"--ratio: 1200 \/ 1200\" sizes=\"(max-width: 1200px) 100vw, 1200px\" alt=\"Brzet\" width=\"1200\" height=\"1200\"  \/><span class=\"gallery-rollover\"><span class=\"gallery-zoom-ico icomoon-the7-font-the7-zoom-06\"><span><\/span><\/span><\/span><\/a><\/figure><\/div><div data-post-id=\"2625\" data-date=\"2026-02-09T10:43:42+00:00\" data-name=\"WhatsApp Image 2026-02-09 at 08.16.55 (1)\"><figure class=\"post\"><a href=\"https:\/\/brzet.hr\/wp-content\/uploads\/2026\/02\/WhatsApp-Image-2026-02-09-at-08.16.55-1.jpeg\" class=\"rollover dt-pswp-item layzr-bg\" data-large_image_width=\"1600\" data-large_image_height=\"1200\" data-dt-img-description=\"\" title=\"WhatsApp Image 2026-02-09 at 08.16.55 (1)\"><img decoding=\"async\" class=\"preload-me owl-lazy-load aspect\" src=\"data:image\/svg+xml,%3Csvg%20xmlns%3D&#39;http%3A%2F%2Fwww.w3.org%2F2000%2Fsvg&#39;%20viewBox%3D&#39;0%200%201200%201200&#39;%2F%3E\" data-src=\"https:\/\/brzet.hr\/wp-content\/uploads\/2026\/02\/WhatsApp-Image-2026-02-09-at-08.16.55-1-1200x1200.jpeg\" data-srcset=\"https:\/\/brzet.hr\/wp-content\/uploads\/2026\/02\/WhatsApp-Image-2026-02-09-at-08.16.55-1-1200x1200.jpeg 1200w\" loading=\"eager\" style=\"--ratio: 1200 \/ 1200\" sizes=\"(max-width: 1200px) 100vw, 1200px\" alt=\"Brzet\" width=\"1200\" height=\"1200\"  \/><span class=\"gallery-rollover\"><span class=\"gallery-zoom-ico icomoon-the7-font-the7-zoom-06\"><span><\/span><\/span><\/span><\/a><\/figure><\/div><div data-post-id=\"2627\" data-date=\"2026-02-09T10:43:43+00:00\" data-name=\"WhatsApp Image 2026-02-09 at 08.16.55\"><figure class=\"post\"><a href=\"https:\/\/brzet.hr\/wp-content\/uploads\/2026\/02\/WhatsApp-Image-2026-02-09-at-08.16.55.jpeg\" class=\"rollover dt-pswp-item layzr-bg\" data-large_image_width=\"1600\" data-large_image_height=\"758\" data-dt-img-description=\"\" title=\"WhatsApp Image 2026-02-09 at 08.16.55\"><img decoding=\"async\" class=\"preload-me owl-lazy-load aspect\" src=\"data:image\/svg+xml,%3Csvg%20xmlns%3D&#39;http%3A%2F%2Fwww.w3.org%2F2000%2Fsvg&#39;%20viewBox%3D&#39;0%200%20758%20758&#39;%2F%3E\" data-src=\"https:\/\/brzet.hr\/wp-content\/uploads\/2026\/02\/WhatsApp-Image-2026-02-09-at-08.16.55-758x758.jpeg\" data-srcset=\"https:\/\/brzet.hr\/wp-content\/uploads\/2026\/02\/WhatsApp-Image-2026-02-09-at-08.16.55-758x758.jpeg 758w\" loading=\"eager\" style=\"--ratio: 758 \/ 758\" sizes=\"(max-width: 758px) 100vw, 758px\" alt=\"Brzet\" width=\"758\" height=\"758\"  \/><span class=\"gallery-rollover\"><span class=\"gallery-zoom-ico icomoon-the7-font-the7-zoom-06\"><span><\/span><\/span><\/span><\/a><\/figure><\/div><\/div>[\/vc_column][\/vc_row]<\/p>\n<\/div>","protected":false},"excerpt":{"rendered":"<p>[vc_row content_placement=&#8221;middle&#8221; css=&#8221;.vc_custom_1568800435269{margin-right: 0px !important;margin-left: 0px !important;padding-top: 35px !important;padding-bottom: 80px !important;}&#8221;][vc_column parallax=&#8221;content-moving&#8221; parallax_image=&#8221;2423&#8243; width=&#8221;1\/2&#8243; css=&#8221;.vc_custom_1770119320821{margin-top: -60px !important;margin-right: 0px !important;padding-top: 200px !important;padding-right: 0px !important;padding-bottom: 200px !important;}&#8221;][\/vc_column][vc_column width=&#8221;1\/2&#8243; css=&#8221;.vc_custom_1566654200276{padding-top: 20% !important;padding-right: 12% !important;padding-bottom: 19% !important;padding-left: 12% !important;background-color: #ffffff !important;}&#8221;][vc_column_text css=&#8221;&#8221;]Turisti\u010dko naselje Brzet nudi profesionalnu organizaciju doga\u0111anja i cateringa, prilago\u0111enu va\u0161im \u017eeljama i potrebama, u prekrasnom ambijentu uz&hellip;<\/p>\n","protected":false},"author":1,"featured_media":0,"parent":0,"menu_order":0,"comment_status":"closed","ping_status":"closed","template":"","meta":{"footnotes":""},"class_list":["post-2660","page","type-page","status-publish","hentry","description-off"],"yoast_head":"<!-- This site is optimized with the Yoast SEO plugin v26.9 - https:\/\/yoast.com\/product\/yoast-seo-wordpress\/ -->\n<title>Organizacija doga\u0111anja - Turisti\u010dko naselje Brzet<\/title>\n<meta name=\"description\" content=\"Turisti\u010dko naselje Brzet nudi profesionalnu organizaciju doga\u0111anja i cateringa, prilago\u0111enu va\u0161im \u017eeljama i potrebama, u prekrasnom ambijentu uz more.\" \/>\n<meta name=\"robots\" content=\"index, follow, max-snippet:-1, max-image-preview:large, max-video-preview:-1\" \/>\n<link rel=\"canonical\" href=\"https:\/\/brzet.hr\/hr\/organizacija-dogadanja\/\" \/>\n<meta property=\"og:locale\" content=\"hr_HR\" \/>\n<meta property=\"og:type\" content=\"article\" \/>\n<meta property=\"og:title\" content=\"Organizacija doga\u0111anja - Turisti\u010dko naselje Brzet\" \/>\n<meta property=\"og:description\" content=\"Turisti\u010dko naselje Brzet nudi profesionalnu organizaciju doga\u0111anja i cateringa, prilago\u0111enu va\u0161im \u017eeljama i potrebama, u prekrasnom ambijentu uz more.\" \/>\n<meta property=\"og:url\" content=\"https:\/\/brzet.hr\/hr\/organizacija-dogadanja\/\" \/>\n<meta property=\"og:site_name\" content=\"Turisti\u010dko naselje Brzet\" \/>\n<meta property=\"article:modified_time\" content=\"2026-02-10T09:04:47+00:00\" \/>\n<meta name=\"twitter:card\" content=\"summary_large_image\" \/>\n<meta name=\"twitter:label1\" content=\"Procijenjeno vrijeme \u010ditanja\" \/>\n\t<meta name=\"twitter:data1\" content=\"2 minute\" \/>\n<script type=\"application\/ld+json\" class=\"yoast-schema-graph\">{\"@context\":\"https:\/\/schema.org\",\"@graph\":[{\"@type\":\"WebPage\",\"@id\":\"https:\/\/brzet.hr\/hr\/organizacija-dogadanja\/\",\"url\":\"https:\/\/brzet.hr\/hr\/organizacija-dogadanja\/\",\"name\":\"Organizacija doga\u0111anja - Turisti\u010dko naselje Brzet\",\"isPartOf\":{\"@id\":\"https:\/\/brzet.hr\/#website\"},\"datePublished\":\"2026-02-02T10:50:29+00:00\",\"dateModified\":\"2026-02-10T09:04:47+00:00\",\"description\":\"Turisti\u010dko naselje Brzet nudi profesionalnu organizaciju doga\u0111anja i cateringa, prilago\u0111enu va\u0161im \u017eeljama i potrebama, u prekrasnom ambijentu uz more.\",\"breadcrumb\":{\"@id\":\"https:\/\/brzet.hr\/hr\/organizacija-dogadanja\/#breadcrumb\"},\"inLanguage\":\"hr\",\"potentialAction\":[{\"@type\":\"ReadAction\",\"target\":[\"https:\/\/brzet.hr\/hr\/organizacija-dogadanja\/\"]}]},{\"@type\":\"BreadcrumbList\",\"@id\":\"https:\/\/brzet.hr\/hr\/organizacija-dogadanja\/#breadcrumb\",\"itemListElement\":[{\"@type\":\"ListItem\",\"position\":1,\"name\":\"Home\",\"item\":\"https:\/\/brzet.hr\/hr\/\"},{\"@type\":\"ListItem\",\"position\":2,\"name\":\"Organizacija doga\u0111anja\"}]},{\"@type\":\"WebSite\",\"@id\":\"https:\/\/brzet.hr\/#website\",\"url\":\"https:\/\/brzet.hr\/\",\"name\":\"Brzet Tourist Settlement\",\"description\":\"\",\"publisher\":{\"@id\":\"https:\/\/brzet.hr\/#organization\"},\"potentialAction\":[{\"@type\":\"SearchAction\",\"target\":{\"@type\":\"EntryPoint\",\"urlTemplate\":\"https:\/\/brzet.hr\/?s={search_term_string}\"},\"query-input\":{\"@type\":\"PropertyValueSpecification\",\"valueRequired\":true,\"valueName\":\"search_term_string\"}}],\"inLanguage\":\"hr\"},{\"@type\":\"Organization\",\"@id\":\"https:\/\/brzet.hr\/#organization\",\"name\":\"Turisti\u010dko naselje Brzet\",\"url\":\"https:\/\/brzet.hr\/\",\"logo\":{\"@type\":\"ImageObject\",\"inLanguage\":\"hr\",\"@id\":\"https:\/\/brzet.hr\/#\/schema\/logo\/image\/\",\"url\":\"https:\/\/brzet.hr\/wp-content\/uploads\/2026\/02\/logo.png\",\"contentUrl\":\"https:\/\/brzet.hr\/wp-content\/uploads\/2026\/02\/logo.png\",\"width\":424,\"height\":284,\"caption\":\"Turisti\u010dko naselje Brzet\"},\"image\":{\"@id\":\"https:\/\/brzet.hr\/#\/schema\/logo\/image\/\"}}]}<\/script>\n<!-- \/ Yoast SEO plugin. -->","yoast_head_json":{"title":"Organizacija doga\u0111anja - Turisti\u010dko naselje Brzet","description":"Turisti\u010dko naselje Brzet nudi profesionalnu organizaciju doga\u0111anja i cateringa, prilago\u0111enu va\u0161im \u017eeljama i potrebama, u prekrasnom ambijentu uz more.","robots":{"index":"index","follow":"follow","max-snippet":"max-snippet:-1","max-image-preview":"max-image-preview:large","max-video-preview":"max-video-preview:-1"},"canonical":"https:\/\/brzet.hr\/hr\/organizacija-dogadanja\/","og_locale":"hr_HR","og_type":"article","og_title":"Organizacija doga\u0111anja - Turisti\u010dko naselje Brzet","og_description":"Turisti\u010dko naselje Brzet nudi profesionalnu organizaciju doga\u0111anja i cateringa, prilago\u0111enu va\u0161im \u017eeljama i potrebama, u prekrasnom ambijentu uz more.","og_url":"https:\/\/brzet.hr\/hr\/organizacija-dogadanja\/","og_site_name":"Turisti\u010dko naselje Brzet","article_modified_time":"2026-02-10T09:04:47+00:00","twitter_card":"summary_large_image","twitter_misc":{"Procijenjeno vrijeme \u010ditanja":"2 minute"},"schema":{"@context":"https:\/\/schema.org","@graph":[{"@type":"WebPage","@id":"https:\/\/brzet.hr\/hr\/organizacija-dogadanja\/","url":"https:\/\/brzet.hr\/hr\/organizacija-dogadanja\/","name":"Organizacija doga\u0111anja - Turisti\u010dko naselje Brzet","isPartOf":{"@id":"https:\/\/brzet.hr\/#website"},"datePublished":"2026-02-02T10:50:29+00:00","dateModified":"2026-02-10T09:04:47+00:00","description":"Turisti\u010dko naselje Brzet nudi profesionalnu organizaciju doga\u0111anja i cateringa, prilago\u0111enu va\u0161im \u017eeljama i potrebama, u prekrasnom ambijentu uz more.","breadcrumb":{"@id":"https:\/\/brzet.hr\/hr\/organizacija-dogadanja\/#breadcrumb"},"inLanguage":"hr","potentialAction":[{"@type":"ReadAction","target":["https:\/\/brzet.hr\/hr\/organizacija-dogadanja\/"]}]},{"@type":"BreadcrumbList","@id":"https:\/\/brzet.hr\/hr\/organizacija-dogadanja\/#breadcrumb","itemListElement":[{"@type":"ListItem","position":1,"name":"Home","item":"https:\/\/brzet.hr\/hr\/"},{"@type":"ListItem","position":2,"name":"Organizacija doga\u0111anja"}]},{"@type":"WebSite","@id":"https:\/\/brzet.hr\/#website","url":"https:\/\/brzet.hr\/","name":"Brzet Tourist Settlement","description":"","publisher":{"@id":"https:\/\/brzet.hr\/#organization"},"potentialAction":[{"@type":"SearchAction","target":{"@type":"EntryPoint","urlTemplate":"https:\/\/brzet.hr\/?s={search_term_string}"},"query-input":{"@type":"PropertyValueSpecification","valueRequired":true,"valueName":"search_term_string"}}],"inLanguage":"hr"},{"@type":"Organization","@id":"https:\/\/brzet.hr\/#organization","name":"Turisti\u010dko naselje Brzet","url":"https:\/\/brzet.hr\/","logo":{"@type":"ImageObject","inLanguage":"hr","@id":"https:\/\/brzet.hr\/#\/schema\/logo\/image\/","url":"https:\/\/brzet.hr\/wp-content\/uploads\/2026\/02\/logo.png","contentUrl":"https:\/\/brzet.hr\/wp-content\/uploads\/2026\/02\/logo.png","width":424,"height":284,"caption":"Turisti\u010dko naselje Brzet"},"image":{"@id":"https:\/\/brzet.hr\/#\/schema\/logo\/image\/"}}]}},"_links":{"self":[{"href":"https:\/\/brzet.hr\/hr\/wp-json\/wp\/v2\/pages\/2660","targetHints":{"allow":["GET"]}}],"collection":[{"href":"https:\/\/brzet.hr\/hr\/wp-json\/wp\/v2\/pages"}],"about":[{"href":"https:\/\/brzet.hr\/hr\/wp-json\/wp\/v2\/types\/page"}],"author":[{"embeddable":true,"href":"https:\/\/brzet.hr\/hr\/wp-json\/wp\/v2\/users\/1"}],"replies":[{"embeddable":true,"href":"https:\/\/brzet.hr\/hr\/wp-json\/wp\/v2\/comments?post=2660"}],"version-history":[{"count":1,"href":"https:\/\/brzet.hr\/hr\/wp-json\/wp\/v2\/pages\/2660\/revisions"}],"predecessor-version":[{"id":2661,"href":"https:\/\/brzet.hr\/hr\/wp-json\/wp\/v2\/pages\/2660\/revisions\/2661"}],"wp:attachment":[{"href":"https:\/\/brzet.hr\/hr\/wp-json\/wp\/v2\/media?parent=2660"}],"curies":[{"name":"wp","href":"https:\/\/api.w.org\/{rel}","templated":true}]}}