{"id":2652,"date":"2019-08-16T14:18:05","date_gmt":"2019-08-16T14:18:05","guid":{"rendered":"https:\/\/brzet.hr\/additional-services\/"},"modified":"2026-02-10T09:02:30","modified_gmt":"2026-02-10T09:02:30","slug":"dodatne-usluge","status":"publish","type":"page","link":"https:\/\/brzet.hr\/hr\/dodatne-usluge\/","title":{"rendered":"Dodatne usluge"},"content":{"rendered":"<div class=\"wpb-content-wrapper\"><p>[vc_row][vc_column width=&#8221;1\/6&#8243;][\/vc_column][vc_column width=&#8221;2\/3&#8243;][\/vc_column][vc_column width=&#8221;1\/6&#8243;][\/vc_column][\/vc_row][vc_row content_placement=&#8221;middle&#8221; css=&#8221;.vc_custom_1568800435269{margin-right: 0px !important;margin-left: 0px !important;padding-top: 35px !important;padding-bottom: 80px !important;}&#8221;][vc_column parallax=&#8221;content-moving&#8221; parallax_image=&#8221;2452&#8243; width=&#8221;1\/2&#8243; css=&#8221;.vc_custom_1770119069139{margin-top: -60px !important;margin-right: 0px !important;padding-top: 200px !important;padding-right: 0px !important;padding-bottom: 200px !important;}&#8221;][\/vc_column][vc_column width=&#8221;1\/2&#8243; css=&#8221;.vc_custom_1566654200276{padding-top: 20% !important;padding-right: 12% !important;padding-bottom: 19% !important;padding-left: 12% !important;background-color: #ffffff !important;}&#8221;][vc_column_text css=&#8221;&#8221;]<span style=\"font-weight: 400;\">Kako bi osiguralo potpun i bezbri\u017ean boravak, Turisti\u010dko naselje Brzet nudi niz dodatnih usluga i sadr\u017eaja:<\/span><\/p>\n<ul>\n<li style=\"font-weight: 400;\" aria-level=\"1\"><span style=\"font-weight: 400;\">Recepcija otvorena 24 sata<\/span><span style=\"font-weight: 400;\"><br \/>\n<\/span><\/li>\n<li style=\"font-weight: 400;\" aria-level=\"1\"><span style=\"font-weight: 400;\">Mogu\u0107nost pla\u0107anja kreditnim karticama<\/span><span style=\"font-weight: 400;\"><br \/>\n<\/span><\/li>\n<li style=\"font-weight: 400;\" aria-level=\"1\"><span style=\"font-weight: 400;\">Besplatan sef<\/span><span style=\"font-weight: 400;\"><br \/>\n<\/span><\/li>\n<li style=\"font-weight: 400;\" aria-level=\"1\"><span style=\"font-weight: 400;\">Najam le\u017ealjki i kanua na pla\u017ei<\/span><span style=\"font-weight: 400;\"><br \/>\n<\/span><\/li>\n<li aria-level=\"1\">Najam bicikla<\/li>\n<li style=\"font-weight: 400;\" aria-level=\"1\"><span style=\"font-weight: 400;\">Organizacija izleta i lokalnih avantura u Omi\u0161u i okolici<\/span><span style=\"font-weight: 400;\"><br \/>\n<\/span><\/li>\n<li style=\"font-weight: 400;\" aria-level=\"1\"><span style=\"font-weight: 400;\">Glazbeni program u\u017eivo dva puta tjedno, uz opu\u0161tenu ve\u010dernju atmosferu<\/span><span style=\"font-weight: 400;\"><br \/>\n<\/span><\/li>\n<li style=\"font-weight: 400;\" aria-level=\"1\"><span style=\"font-weight: 400;\">Prostrano parkirali\u0161te unutar naselja<\/span><\/li>\n<\/ul>\n<p><span style=\"font-weight: 400;\">Brzet je mjesto gdje se susre\u0107u mir, priroda i udobnost, stvaraju\u0107i savr\u0161eno okru\u017eenje za bezbri\u017ean odmor.<\/span>[\/vc_column_text][\/vc_column][\/vc_row]<\/p>\n<\/div>","protected":false},"excerpt":{"rendered":"<p>[vc_row][vc_column width=&#8221;1\/6&#8243;][\/vc_column][vc_column width=&#8221;2\/3&#8243;][\/vc_column][vc_column width=&#8221;1\/6&#8243;][\/vc_column][\/vc_row][vc_row content_placement=&#8221;middle&#8221; css=&#8221;.vc_custom_1568800435269{margin-right: 0px !important;margin-left: 0px !important;padding-top: 35px !important;padding-bottom: 80px !important;}&#8221;][vc_column parallax=&#8221;content-moving&#8221; parallax_image=&#8221;2452&#8243; width=&#8221;1\/2&#8243; css=&#8221;.vc_custom_1770119069139{margin-top: -60px !important;margin-right: 0px !important;padding-top: 200px !important;padding-right: 0px !important;padding-bottom: 200px !important;}&#8221;][\/vc_column][vc_column width=&#8221;1\/2&#8243; css=&#8221;.vc_custom_1566654200276{padding-top: 20% !important;padding-right: 12% !important;padding-bottom: 19% !important;padding-left: 12% !important;background-color: #ffffff !important;}&#8221;][vc_column_text css=&#8221;&#8221;]Kako bi osiguralo potpun i bezbri\u017ean boravak, Turisti\u010dko naselje Brzet nudi niz dodatnih usluga i&hellip;<\/p>\n","protected":false},"author":1,"featured_media":0,"parent":0,"menu_order":0,"comment_status":"closed","ping_status":"closed","template":"","meta":{"footnotes":""},"class_list":["post-2652","page","type-page","status-publish","hentry","description-off"],"yoast_head":"<!-- This site is optimized with the Yoast SEO plugin v26.9 - https:\/\/yoast.com\/product\/yoast-seo-wordpress\/ -->\n<title>Dodatne usluge - Turisti\u010dko naselje Brzet<\/title>\n<meta name=\"description\" content=\"Kako bi osiguralo potpun i bezbri\u017ean boravak, Turisti\u010dko naselje Brzet nudi niz dodatnih usluga i sadr\u017eaja\" \/>\n<meta name=\"robots\" content=\"index, follow, max-snippet:-1, max-image-preview:large, max-video-preview:-1\" \/>\n<link rel=\"canonical\" href=\"https:\/\/brzet.hr\/hr\/dodatne-usluge\/\" \/>\n<meta property=\"og:locale\" content=\"hr_HR\" \/>\n<meta property=\"og:type\" content=\"article\" \/>\n<meta property=\"og:title\" content=\"Dodatne usluge - Turisti\u010dko naselje Brzet\" \/>\n<meta property=\"og:description\" content=\"Kako bi osiguralo potpun i bezbri\u017ean boravak, Turisti\u010dko naselje Brzet nudi niz dodatnih usluga i sadr\u017eaja\" \/>\n<meta property=\"og:url\" content=\"https:\/\/brzet.hr\/hr\/dodatne-usluge\/\" \/>\n<meta property=\"og:site_name\" content=\"Turisti\u010dko naselje Brzet\" \/>\n<meta property=\"article:modified_time\" content=\"2026-02-10T09:02:30+00:00\" \/>\n<meta name=\"twitter:card\" content=\"summary_large_image\" \/>\n<meta name=\"twitter:label1\" content=\"Procijenjeno vrijeme \u010ditanja\" \/>\n\t<meta name=\"twitter:data1\" content=\"1 minuta\" \/>\n<script type=\"application\/ld+json\" class=\"yoast-schema-graph\">{\"@context\":\"https:\/\/schema.org\",\"@graph\":[{\"@type\":\"WebPage\",\"@id\":\"https:\/\/brzet.hr\/hr\/dodatne-usluge\/\",\"url\":\"https:\/\/brzet.hr\/hr\/dodatne-usluge\/\",\"name\":\"Dodatne usluge - Turisti\u010dko naselje Brzet\",\"isPartOf\":{\"@id\":\"https:\/\/brzet.hr\/#website\"},\"datePublished\":\"2019-08-16T14:18:05+00:00\",\"dateModified\":\"2026-02-10T09:02:30+00:00\",\"description\":\"Kako bi osiguralo potpun i bezbri\u017ean boravak, Turisti\u010dko naselje Brzet nudi niz dodatnih usluga i sadr\u017eaja\",\"breadcrumb\":{\"@id\":\"https:\/\/brzet.hr\/hr\/dodatne-usluge\/#breadcrumb\"},\"inLanguage\":\"hr\",\"potentialAction\":[{\"@type\":\"ReadAction\",\"target\":[\"https:\/\/brzet.hr\/hr\/dodatne-usluge\/\"]}]},{\"@type\":\"BreadcrumbList\",\"@id\":\"https:\/\/brzet.hr\/hr\/dodatne-usluge\/#breadcrumb\",\"itemListElement\":[{\"@type\":\"ListItem\",\"position\":1,\"name\":\"Home\",\"item\":\"https:\/\/brzet.hr\/hr\/\"},{\"@type\":\"ListItem\",\"position\":2,\"name\":\"Dodatne usluge\"}]},{\"@type\":\"WebSite\",\"@id\":\"https:\/\/brzet.hr\/#website\",\"url\":\"https:\/\/brzet.hr\/\",\"name\":\"Brzet Tourist Settlement\",\"description\":\"\",\"publisher\":{\"@id\":\"https:\/\/brzet.hr\/#organization\"},\"potentialAction\":[{\"@type\":\"SearchAction\",\"target\":{\"@type\":\"EntryPoint\",\"urlTemplate\":\"https:\/\/brzet.hr\/?s={search_term_string}\"},\"query-input\":{\"@type\":\"PropertyValueSpecification\",\"valueRequired\":true,\"valueName\":\"search_term_string\"}}],\"inLanguage\":\"hr\"},{\"@type\":\"Organization\",\"@id\":\"https:\/\/brzet.hr\/#organization\",\"name\":\"Turisti\u010dko naselje Brzet\",\"url\":\"https:\/\/brzet.hr\/\",\"logo\":{\"@type\":\"ImageObject\",\"inLanguage\":\"hr\",\"@id\":\"https:\/\/brzet.hr\/#\/schema\/logo\/image\/\",\"url\":\"https:\/\/brzet.hr\/wp-content\/uploads\/2026\/02\/logo.png\",\"contentUrl\":\"https:\/\/brzet.hr\/wp-content\/uploads\/2026\/02\/logo.png\",\"width\":424,\"height\":284,\"caption\":\"Turisti\u010dko naselje Brzet\"},\"image\":{\"@id\":\"https:\/\/brzet.hr\/#\/schema\/logo\/image\/\"}}]}<\/script>\n<!-- \/ Yoast SEO plugin. -->","yoast_head_json":{"title":"Dodatne usluge - Turisti\u010dko naselje Brzet","description":"Kako bi osiguralo potpun i bezbri\u017ean boravak, Turisti\u010dko naselje Brzet nudi niz dodatnih usluga i sadr\u017eaja","robots":{"index":"index","follow":"follow","max-snippet":"max-snippet:-1","max-image-preview":"max-image-preview:large","max-video-preview":"max-video-preview:-1"},"canonical":"https:\/\/brzet.hr\/hr\/dodatne-usluge\/","og_locale":"hr_HR","og_type":"article","og_title":"Dodatne usluge - Turisti\u010dko naselje Brzet","og_description":"Kako bi osiguralo potpun i bezbri\u017ean boravak, Turisti\u010dko naselje Brzet nudi niz dodatnih usluga i sadr\u017eaja","og_url":"https:\/\/brzet.hr\/hr\/dodatne-usluge\/","og_site_name":"Turisti\u010dko naselje Brzet","article_modified_time":"2026-02-10T09:02:30+00:00","twitter_card":"summary_large_image","twitter_misc":{"Procijenjeno vrijeme \u010ditanja":"1 minuta"},"schema":{"@context":"https:\/\/schema.org","@graph":[{"@type":"WebPage","@id":"https:\/\/brzet.hr\/hr\/dodatne-usluge\/","url":"https:\/\/brzet.hr\/hr\/dodatne-usluge\/","name":"Dodatne usluge - Turisti\u010dko naselje Brzet","isPartOf":{"@id":"https:\/\/brzet.hr\/#website"},"datePublished":"2019-08-16T14:18:05+00:00","dateModified":"2026-02-10T09:02:30+00:00","description":"Kako bi osiguralo potpun i bezbri\u017ean boravak, Turisti\u010dko naselje Brzet nudi niz dodatnih usluga i sadr\u017eaja","breadcrumb":{"@id":"https:\/\/brzet.hr\/hr\/dodatne-usluge\/#breadcrumb"},"inLanguage":"hr","potentialAction":[{"@type":"ReadAction","target":["https:\/\/brzet.hr\/hr\/dodatne-usluge\/"]}]},{"@type":"BreadcrumbList","@id":"https:\/\/brzet.hr\/hr\/dodatne-usluge\/#breadcrumb","itemListElement":[{"@type":"ListItem","position":1,"name":"Home","item":"https:\/\/brzet.hr\/hr\/"},{"@type":"ListItem","position":2,"name":"Dodatne usluge"}]},{"@type":"WebSite","@id":"https:\/\/brzet.hr\/#website","url":"https:\/\/brzet.hr\/","name":"Brzet Tourist Settlement","description":"","publisher":{"@id":"https:\/\/brzet.hr\/#organization"},"potentialAction":[{"@type":"SearchAction","target":{"@type":"EntryPoint","urlTemplate":"https:\/\/brzet.hr\/?s={search_term_string}"},"query-input":{"@type":"PropertyValueSpecification","valueRequired":true,"valueName":"search_term_string"}}],"inLanguage":"hr"},{"@type":"Organization","@id":"https:\/\/brzet.hr\/#organization","name":"Turisti\u010dko naselje Brzet","url":"https:\/\/brzet.hr\/","logo":{"@type":"ImageObject","inLanguage":"hr","@id":"https:\/\/brzet.hr\/#\/schema\/logo\/image\/","url":"https:\/\/brzet.hr\/wp-content\/uploads\/2026\/02\/logo.png","contentUrl":"https:\/\/brzet.hr\/wp-content\/uploads\/2026\/02\/logo.png","width":424,"height":284,"caption":"Turisti\u010dko naselje Brzet"},"image":{"@id":"https:\/\/brzet.hr\/#\/schema\/logo\/image\/"}}]}},"_links":{"self":[{"href":"https:\/\/brzet.hr\/hr\/wp-json\/wp\/v2\/pages\/2652","targetHints":{"allow":["GET"]}}],"collection":[{"href":"https:\/\/brzet.hr\/hr\/wp-json\/wp\/v2\/pages"}],"about":[{"href":"https:\/\/brzet.hr\/hr\/wp-json\/wp\/v2\/types\/page"}],"author":[{"embeddable":true,"href":"https:\/\/brzet.hr\/hr\/wp-json\/wp\/v2\/users\/1"}],"replies":[{"embeddable":true,"href":"https:\/\/brzet.hr\/hr\/wp-json\/wp\/v2\/comments?post=2652"}],"version-history":[{"count":2,"href":"https:\/\/brzet.hr\/hr\/wp-json\/wp\/v2\/pages\/2652\/revisions"}],"predecessor-version":[{"id":2655,"href":"https:\/\/brzet.hr\/hr\/wp-json\/wp\/v2\/pages\/2652\/revisions\/2655"}],"wp:attachment":[{"href":"https:\/\/brzet.hr\/hr\/wp-json\/wp\/v2\/media?parent=2652"}],"curies":[{"name":"wp","href":"https:\/\/api.w.org\/{rel}","templated":true}]}}