{"id":2650,"date":"2019-07-31T13:31:17","date_gmt":"2019-07-31T13:31:17","guid":{"rendered":"https:\/\/brzet.hr\/our-accommodation\/"},"modified":"2026-02-10T09:01:35","modified_gmt":"2026-02-10T09:01:35","slug":"smjestaj","status":"publish","type":"page","link":"https:\/\/brzet.hr\/hr\/smjestaj\/","title":{"rendered":"Smje\u0161taj"},"content":{"rendered":"<div class=\"wpb-content-wrapper\"><p>[vc_row][vc_column width=&#8221;1\/6&#8243;][\/vc_column][vc_column width=&#8221;2\/3&#8243;][vc_column_text css=&#8221;&#8221;]<span style=\"font-weight: 400;\">Turisti\u010dko naselje Brzet nudi <\/span><b>88 udobnih i funkcionalnih soba<\/b><span style=\"font-weight: 400;\">, smje\u0161tenih u tri paviljona promi\u0161ljeno uklopljena u prirodno okru\u017eenje borove \u0161ume. Smje\u0161taj je osmi\u0161ljen kako bi pru\u017eio mir, privatnost i osje\u0107aj doma, uz sve sadr\u017eaje potrebne za bezbri\u017ean boravak.<\/span><\/p>\n<p><span style=\"font-weight: 400;\">Sve sobe imaju:<\/span><\/p>\n<ul>\n<li style=\"font-weight: 400;\" aria-level=\"1\"><span style=\"font-weight: 400;\">ju\u017enu orijentaciju<\/span><span style=\"font-weight: 400;\"><br \/>\n<\/span><\/li>\n<li style=\"font-weight: 400;\" aria-level=\"1\"><span style=\"font-weight: 400;\">obilje prirodnog svjetla<\/span><span style=\"font-weight: 400;\"><br \/>\n<\/span><\/li>\n<li style=\"font-weight: 400;\" aria-level=\"1\"><span style=\"font-weight: 400;\">klimatizaciju<\/span><span style=\"font-weight: 400;\"><br \/>\n<\/span><\/li>\n<li style=\"font-weight: 400;\" aria-level=\"1\"><span style=\"font-weight: 400;\">privatni balkon<\/span><span style=\"font-weight: 400;\"><br \/>\n<\/span><\/li>\n<\/ul>\n<p><span style=\"font-weight: 400;\">Standardna oprema sobe uklju\u010duje:<\/span><span style=\"font-weight: 400;\"><br \/>\n<\/span><span style=\"font-weight: 400;\"> privatnu kupaonicu (tu\u0161\/WC), SAT TV, Wi-Fi, klima-ure\u0111aj, mini hladnjak i su\u0161ilo za kosu.<\/span><br \/>\n[\/vc_column_text][vc_empty_space][vc_empty_space][\/vc_column][vc_column width=&#8221;1\/6&#8243;][\/vc_column][\/vc_row][vc_row][vc_column][vc_column_text css=&#8221;&#8221;]<div class=\"mphb_sc_rooms-wrapper mphb-room-types home-rooms-list\">\n<div class=\"mphb-room-type post-2675 mphb_room_type type-mphb_room_type status-publish has-post-thumbnail description-off mphb-room-type-adults-1 mphb-room-type-children-0 \">\n\n\t\n\t\n\n\t<p class=\"post-thumbnail mphb-loop-room-thumbnail\">\n\t<a href=\"https:\/\/brzet.hr\/hr\/accommodation\/standardna-dvokrevetna-soba\/\">\n\t<img loading=\"lazy\" decoding=\"async\" width=\"1200\" height=\"900\" src=\"https:\/\/brzet.hr\/wp-content\/uploads\/2019\/08\/20200604_124742.webp\" class=\"attachment-post-thumbnail size-post-thumbnail wp-post-image\" alt=\"Brzet\" srcset=\"https:\/\/brzet.hr\/wp-content\/uploads\/2019\/08\/20200604_124742.webp 1200w, https:\/\/brzet.hr\/wp-content\/uploads\/2019\/08\/20200604_124742-300x225.webp 300w, https:\/\/brzet.hr\/wp-content\/uploads\/2019\/08\/20200604_124742-1024x768.webp 1024w, https:\/\/brzet.hr\/wp-content\/uploads\/2019\/08\/20200604_124742-768x576.webp 768w\" sizes=\"auto, (max-width: 1200px) 100vw, 1200px\" \/>\t<\/a>\n\n\t<\/p>\n\n<h2 class=\"mphb-room-type-title entry-title\">\n\n<a class=\"mphb-room-type-title\" href=\"https:\/\/brzet.hr\/hr\/accommodation\/standardna-dvokrevetna-soba\/\">Standardna dvokrevetna soba<\/a>\n\n<\/h2>\n\t\n<\/div>\n\n<div class=\"mphb-room-type post-2680 mphb_room_type type-mphb_room_type status-publish has-post-thumbnail description-off mphb-room-type-adults-1 mphb-room-type-children-0 \">\n\n\t\n\t\n\n\t<p class=\"post-thumbnail mphb-loop-room-thumbnail\">\n\t<a href=\"https:\/\/brzet.hr\/hr\/accommodation\/standarna-dvokrevetna-soba-pomocni-krevet\/\">\n\t<img loading=\"lazy\" decoding=\"async\" width=\"1200\" height=\"900\" src=\"https:\/\/brzet.hr\/wp-content\/uploads\/2019\/08\/20200604_112703.webp\" class=\"attachment-post-thumbnail size-post-thumbnail wp-post-image\" alt=\"Brzet\" srcset=\"https:\/\/brzet.hr\/wp-content\/uploads\/2019\/08\/20200604_112703.webp 1200w, https:\/\/brzet.hr\/wp-content\/uploads\/2019\/08\/20200604_112703-300x225.webp 300w, https:\/\/brzet.hr\/wp-content\/uploads\/2019\/08\/20200604_112703-1024x768.webp 1024w, https:\/\/brzet.hr\/wp-content\/uploads\/2019\/08\/20200604_112703-768x576.webp 768w\" sizes=\"auto, (max-width: 1200px) 100vw, 1200px\" \/>\t<\/a>\n\n\t<\/p>\n\n<h2 class=\"mphb-room-type-title entry-title\">\n\n<a class=\"mphb-room-type-title\" href=\"https:\/\/brzet.hr\/hr\/accommodation\/standarna-dvokrevetna-soba-pomocni-krevet\/\">Standardna dvokrevetna soba + pomo\u0107ni krevet<\/a>\n\n<\/h2>\n\t\n<\/div>\n<\/div>[\/vc_column_text][\/vc_column][\/vc_row]<\/p>\n<\/div>","protected":false},"excerpt":{"rendered":"<p>[vc_row][vc_column width=&#8221;1\/6&#8243;][\/vc_column][vc_column width=&#8221;2\/3&#8243;][vc_column_text css=&#8221;&#8221;]Turisti\u010dko naselje Brzet nudi 88 udobnih i funkcionalnih soba, smje\u0161tenih u tri paviljona promi\u0161ljeno uklopljena u prirodno okru\u017eenje borove \u0161ume. Smje\u0161taj je osmi\u0161ljen kako bi pru\u017eio mir, privatnost i osje\u0107aj doma, uz sve sadr\u017eaje potrebne za bezbri\u017ean boravak. Sve sobe imaju: ju\u017enu orijentaciju obilje prirodnog svjetla klimatizaciju privatni balkon Standardna oprema sobe&hellip;<\/p>\n","protected":false},"author":1,"featured_media":0,"parent":0,"menu_order":0,"comment_status":"closed","ping_status":"closed","template":"","meta":{"footnotes":""},"class_list":["post-2650","page","type-page","status-publish","hentry","description-off"],"yoast_head":"<!-- This site is optimized with the Yoast SEO plugin v26.9 - https:\/\/yoast.com\/product\/yoast-seo-wordpress\/ -->\n<title>Smje\u0161taj - Turisti\u010dko naselje Brzet<\/title>\n<meta name=\"description\" content=\"Turisti\u010dko naselje Brzet nudi 88 udobnih i funkcionalnih soba, smje\u0161tenih u tri paviljona promi\u0161ljeno uklopljena u prirodno okru\u017eenje borove \u0161ume.\" \/>\n<meta name=\"robots\" content=\"index, follow, max-snippet:-1, max-image-preview:large, max-video-preview:-1\" \/>\n<link rel=\"canonical\" href=\"https:\/\/brzet.hr\/hr\/smjestaj\/\" \/>\n<meta property=\"og:locale\" content=\"hr_HR\" \/>\n<meta property=\"og:type\" content=\"article\" \/>\n<meta property=\"og:title\" content=\"Smje\u0161taj - Turisti\u010dko naselje Brzet\" \/>\n<meta property=\"og:description\" content=\"Turisti\u010dko naselje Brzet nudi 88 udobnih i funkcionalnih soba, smje\u0161tenih u tri paviljona promi\u0161ljeno uklopljena u prirodno okru\u017eenje borove \u0161ume.\" \/>\n<meta property=\"og:url\" content=\"https:\/\/brzet.hr\/hr\/smjestaj\/\" \/>\n<meta property=\"og:site_name\" content=\"Turisti\u010dko naselje Brzet\" \/>\n<meta property=\"article:modified_time\" content=\"2026-02-10T09:01:35+00:00\" \/>\n<meta name=\"twitter:card\" content=\"summary_large_image\" \/>\n<meta name=\"twitter:label1\" content=\"Procijenjeno vrijeme \u010ditanja\" \/>\n\t<meta name=\"twitter:data1\" content=\"1 minuta\" \/>\n<script type=\"application\/ld+json\" class=\"yoast-schema-graph\">{\"@context\":\"https:\/\/schema.org\",\"@graph\":[{\"@type\":\"WebPage\",\"@id\":\"https:\/\/brzet.hr\/hr\/smjestaj\/\",\"url\":\"https:\/\/brzet.hr\/hr\/smjestaj\/\",\"name\":\"Smje\u0161taj - Turisti\u010dko naselje Brzet\",\"isPartOf\":{\"@id\":\"https:\/\/brzet.hr\/#website\"},\"datePublished\":\"2019-07-31T13:31:17+00:00\",\"dateModified\":\"2026-02-10T09:01:35+00:00\",\"description\":\"Turisti\u010dko naselje Brzet nudi 88 udobnih i funkcionalnih soba, smje\u0161tenih u tri paviljona promi\u0161ljeno uklopljena u prirodno okru\u017eenje borove \u0161ume.\",\"breadcrumb\":{\"@id\":\"https:\/\/brzet.hr\/hr\/smjestaj\/#breadcrumb\"},\"inLanguage\":\"hr\",\"potentialAction\":[{\"@type\":\"ReadAction\",\"target\":[\"https:\/\/brzet.hr\/hr\/smjestaj\/\"]}]},{\"@type\":\"BreadcrumbList\",\"@id\":\"https:\/\/brzet.hr\/hr\/smjestaj\/#breadcrumb\",\"itemListElement\":[{\"@type\":\"ListItem\",\"position\":1,\"name\":\"Home\",\"item\":\"https:\/\/brzet.hr\/hr\/\"},{\"@type\":\"ListItem\",\"position\":2,\"name\":\"Smje\u0161taj\"}]},{\"@type\":\"WebSite\",\"@id\":\"https:\/\/brzet.hr\/#website\",\"url\":\"https:\/\/brzet.hr\/\",\"name\":\"Brzet Tourist Settlement\",\"description\":\"\",\"publisher\":{\"@id\":\"https:\/\/brzet.hr\/#organization\"},\"potentialAction\":[{\"@type\":\"SearchAction\",\"target\":{\"@type\":\"EntryPoint\",\"urlTemplate\":\"https:\/\/brzet.hr\/?s={search_term_string}\"},\"query-input\":{\"@type\":\"PropertyValueSpecification\",\"valueRequired\":true,\"valueName\":\"search_term_string\"}}],\"inLanguage\":\"hr\"},{\"@type\":\"Organization\",\"@id\":\"https:\/\/brzet.hr\/#organization\",\"name\":\"Turisti\u010dko naselje Brzet\",\"url\":\"https:\/\/brzet.hr\/\",\"logo\":{\"@type\":\"ImageObject\",\"inLanguage\":\"hr\",\"@id\":\"https:\/\/brzet.hr\/#\/schema\/logo\/image\/\",\"url\":\"https:\/\/brzet.hr\/wp-content\/uploads\/2026\/02\/logo.png\",\"contentUrl\":\"https:\/\/brzet.hr\/wp-content\/uploads\/2026\/02\/logo.png\",\"width\":424,\"height\":284,\"caption\":\"Turisti\u010dko naselje Brzet\"},\"image\":{\"@id\":\"https:\/\/brzet.hr\/#\/schema\/logo\/image\/\"}}]}<\/script>\n<!-- \/ Yoast SEO plugin. -->","yoast_head_json":{"title":"Smje\u0161taj - Turisti\u010dko naselje Brzet","description":"Turisti\u010dko naselje Brzet nudi 88 udobnih i funkcionalnih soba, smje\u0161tenih u tri paviljona promi\u0161ljeno uklopljena u prirodno okru\u017eenje borove \u0161ume.","robots":{"index":"index","follow":"follow","max-snippet":"max-snippet:-1","max-image-preview":"max-image-preview:large","max-video-preview":"max-video-preview:-1"},"canonical":"https:\/\/brzet.hr\/hr\/smjestaj\/","og_locale":"hr_HR","og_type":"article","og_title":"Smje\u0161taj - Turisti\u010dko naselje Brzet","og_description":"Turisti\u010dko naselje Brzet nudi 88 udobnih i funkcionalnih soba, smje\u0161tenih u tri paviljona promi\u0161ljeno uklopljena u prirodno okru\u017eenje borove \u0161ume.","og_url":"https:\/\/brzet.hr\/hr\/smjestaj\/","og_site_name":"Turisti\u010dko naselje Brzet","article_modified_time":"2026-02-10T09:01:35+00:00","twitter_card":"summary_large_image","twitter_misc":{"Procijenjeno vrijeme \u010ditanja":"1 minuta"},"schema":{"@context":"https:\/\/schema.org","@graph":[{"@type":"WebPage","@id":"https:\/\/brzet.hr\/hr\/smjestaj\/","url":"https:\/\/brzet.hr\/hr\/smjestaj\/","name":"Smje\u0161taj - Turisti\u010dko naselje Brzet","isPartOf":{"@id":"https:\/\/brzet.hr\/#website"},"datePublished":"2019-07-31T13:31:17+00:00","dateModified":"2026-02-10T09:01:35+00:00","description":"Turisti\u010dko naselje Brzet nudi 88 udobnih i funkcionalnih soba, smje\u0161tenih u tri paviljona promi\u0161ljeno uklopljena u prirodno okru\u017eenje borove \u0161ume.","breadcrumb":{"@id":"https:\/\/brzet.hr\/hr\/smjestaj\/#breadcrumb"},"inLanguage":"hr","potentialAction":[{"@type":"ReadAction","target":["https:\/\/brzet.hr\/hr\/smjestaj\/"]}]},{"@type":"BreadcrumbList","@id":"https:\/\/brzet.hr\/hr\/smjestaj\/#breadcrumb","itemListElement":[{"@type":"ListItem","position":1,"name":"Home","item":"https:\/\/brzet.hr\/hr\/"},{"@type":"ListItem","position":2,"name":"Smje\u0161taj"}]},{"@type":"WebSite","@id":"https:\/\/brzet.hr\/#website","url":"https:\/\/brzet.hr\/","name":"Brzet Tourist Settlement","description":"","publisher":{"@id":"https:\/\/brzet.hr\/#organization"},"potentialAction":[{"@type":"SearchAction","target":{"@type":"EntryPoint","urlTemplate":"https:\/\/brzet.hr\/?s={search_term_string}"},"query-input":{"@type":"PropertyValueSpecification","valueRequired":true,"valueName":"search_term_string"}}],"inLanguage":"hr"},{"@type":"Organization","@id":"https:\/\/brzet.hr\/#organization","name":"Turisti\u010dko naselje Brzet","url":"https:\/\/brzet.hr\/","logo":{"@type":"ImageObject","inLanguage":"hr","@id":"https:\/\/brzet.hr\/#\/schema\/logo\/image\/","url":"https:\/\/brzet.hr\/wp-content\/uploads\/2026\/02\/logo.png","contentUrl":"https:\/\/brzet.hr\/wp-content\/uploads\/2026\/02\/logo.png","width":424,"height":284,"caption":"Turisti\u010dko naselje Brzet"},"image":{"@id":"https:\/\/brzet.hr\/#\/schema\/logo\/image\/"}}]}},"_links":{"self":[{"href":"https:\/\/brzet.hr\/hr\/wp-json\/wp\/v2\/pages\/2650","targetHints":{"allow":["GET"]}}],"collection":[{"href":"https:\/\/brzet.hr\/hr\/wp-json\/wp\/v2\/pages"}],"about":[{"href":"https:\/\/brzet.hr\/hr\/wp-json\/wp\/v2\/types\/page"}],"author":[{"embeddable":true,"href":"https:\/\/brzet.hr\/hr\/wp-json\/wp\/v2\/users\/1"}],"replies":[{"embeddable":true,"href":"https:\/\/brzet.hr\/hr\/wp-json\/wp\/v2\/comments?post=2650"}],"version-history":[{"count":1,"href":"https:\/\/brzet.hr\/hr\/wp-json\/wp\/v2\/pages\/2650\/revisions"}],"predecessor-version":[{"id":2651,"href":"https:\/\/brzet.hr\/hr\/wp-json\/wp\/v2\/pages\/2650\/revisions\/2651"}],"wp:attachment":[{"href":"https:\/\/brzet.hr\/hr\/wp-json\/wp\/v2\/media?parent=2650"}],"curies":[{"name":"wp","href":"https:\/\/api.w.org\/{rel}","templated":true}]}}