{"id":2631,"date":"2026-02-02T11:43:42","date_gmt":"2026-02-02T11:43:42","guid":{"rendered":"https:\/\/brzet.hr\/pricelist\/"},"modified":"2026-02-10T09:06:07","modified_gmt":"2026-02-10T09:06:07","slug":"cjenik","status":"publish","type":"page","link":"https:\/\/brzet.hr\/hr\/cjenik\/","title":{"rendered":"Cjenik"},"content":{"rendered":"<div class=\"wpb-content-wrapper\"><p>[vc_row][vc_column][vc_column_text css=&#8221;&#8221;]Cijene su izra\u017eene u \u20ac, po osobi po danu u sobi 1\/2<\/p>\n<div class=\"tab_scroll\">\n<table class=\"tab\">\n<tbody>\n<tr>\n<td>PERIOD<\/td>\n<td>01.05.-01.06.<br \/>\n01.10.-15.10.<\/td>\n<td>01.06.-15.06.<br \/>\n15.09.-01.10.<\/td>\n<td>15.06.-01.07.<br \/>\n01.09.-15.09.<\/td>\n<td>01.07-15.07.<br \/>\n20.08.-01.09.<\/td>\n<td>15.07.-20.08.<\/td>\n<\/tr>\n<tr class=\"head\">\n<td colspan=\"6\">SOBA 1\/2<br \/>\nAC, BM, SAT TV, Wi-Fi<\/td>\n<\/tr>\n<tr>\n<td>NO\u0106ENJE, DORU\u010cAK<\/td>\n<td>45,00 \u20ac<\/td>\n<td>59,00 \u20ac<\/td>\n<td>69,00 \u20ac<\/td>\n<td>83,00 \u20ac<\/td>\n<td>90,00 \u20ac<\/td>\n<\/tr>\n<tr>\n<td>POLUPANSION<\/td>\n<td>55,00 \u20ac<\/td>\n<td>68,00 \u20ac<\/td>\n<td>81,00 \u20ac<\/td>\n<td>96,00 \u20ac<\/td>\n<td>105,00 \u20ac<\/td>\n<\/tr>\n<tr class=\"grey\">\n<td>MIN. NO\u0106ENJA<\/td>\n<td>2<\/td>\n<td>3<\/td>\n<td>4<\/td>\n<td>5<\/td>\n<td>5<\/td>\n<\/tr>\n<\/tbody>\n<\/table>\n<\/div>\n<p><strong>Boravi\u0161na pristojba<\/strong> pla\u0107a se posebno i po osobi dnevno iznosi:<\/p>\n<table class=\"simple\">\n<tbody>\n<tr>\n<td>IV, V, VI, VII, VIII i IX mjesec<\/td>\n<td>1,80 \u20ac<\/td>\n<\/tr>\n<tr>\n<td>ostali period<\/td>\n<td>1,00 \u20ac<\/td>\n<\/tr>\n<\/tbody>\n<\/table>\n<p>Djeca do 12 godina ne pla\u0107aju boravi\u0161nu pristojbu. Djeca od 12-18 godina pla\u0107aju 50 % boravi\u0161ne pristojbe.<\/p>\n<h2><\/h2>\n<p>&nbsp;<\/p>\n<h2>Nadoplata<\/h2>\n<ul>\n<li>za parking od:<br \/>\n01.06.-15.06. 5,00 \u20ac po danu,<br \/>\n15.06.-15.09.. 7,00 \u20ac po danu,<br \/>\n15.09.-30.09. 5,00 \u20ac po danu<\/li>\n<\/ul>\n<p>&nbsp;<\/p>\n<table class=\"simple\">\n<tbody>\n<tr>\n<td colspan=\"2\"><strong>POPUSTI ZA DJECU (od 2-12 godina)<\/strong><\/td>\n<\/tr>\n<tr>\n<td>u sobi 1\/2+1 s dvije odrasle osobe (2 odrasle i 1 dijete)<\/td>\n<td>-50%<\/td>\n<\/tr>\n<tr>\n<td>u sobi 1\/2 s 1 odraslom osobom ili 2 djece samih u sobi<\/td>\n<td>-30%<\/td>\n<\/tr>\n<tr>\n<td>u sobi 1\/2+1 2 odraslih i 2 djece ( drugo dijete do 6 god.)<\/td>\n<td>-50%<\/td>\n<\/tr>\n<tr>\n<td>popust na tre\u0107i le\u017eaj za starije od 12 godina iznosi<\/td>\n<td>-20%<\/td>\n<\/tr>\n<tr>\n<td colspan=\"2\"><\/td>\n<\/tr>\n<tr>\n<td colspan=\"2\"><strong>DODACI<\/strong><\/td>\n<\/tr>\n<tr>\n<td>za sobu 1\/1 (koristi se 1\/2 kao 1\/1)<\/td>\n<td>+50%<\/td>\n<\/tr>\n<\/tbody>\n<\/table>\n<p>Gosti imaju neograni\u010deno pi\u0107e uz ve\u010deru od 19:00-21:00 sati (vino crno, vino bijelo, sok i vodu). U periodu od 13.06.-12.09.2026. gosti se sami poslu\u017euju pi\u0107em iz to\u010dionika. Prije i poslije navedenog perioda pi\u0107e se servira.<\/p>\n<p><strong>PLA\u0106ANJE<\/strong> minimalno 7 dana prije dolaska gosta.<\/p>\n<p><strong>UVIJETI STORNA REZERVACIJE<\/strong><br \/>\n8 dana i vi\u0161e dana &#8211; gratis, 7 \u2013 3 dana 30% od iznosa ukupne rezervacije, 2 dana i nedolazak 50% od iznosa ukupne rezervacije.[\/vc_column_text][\/vc_column][\/vc_row]<\/p>\n<\/div>","protected":false},"excerpt":{"rendered":"<p>[vc_row][vc_column][vc_column_text css=&#8221;&#8221;]Cijene su izra\u017eene u \u20ac, po osobi po danu u sobi 1\/2 PERIOD 01.05.-01.06. 01.10.-15.10. 01.06.-15.06. 15.09.-01.10. 15.06.-01.07. 01.09.-15.09. 01.07-15.07. 20.08.-01.09. 15.07.-20.08. SOBA 1\/2 AC, BM, SAT TV, Wi-Fi NO\u0106ENJE, DORU\u010cAK 45,00 \u20ac 59,00 \u20ac 69,00 \u20ac 83,00 \u20ac 90,00 \u20ac POLUPANSION 55,00 \u20ac 68,00 \u20ac 81,00 \u20ac 96,00 \u20ac 105,00 \u20ac MIN. NO\u0106ENJA&hellip;<\/p>\n","protected":false},"author":1,"featured_media":0,"parent":0,"menu_order":0,"comment_status":"closed","ping_status":"closed","template":"","meta":{"footnotes":""},"class_list":["post-2631","page","type-page","status-publish","hentry","description-off"],"yoast_head":"<!-- This site is optimized with the Yoast SEO plugin v26.9 - https:\/\/yoast.com\/product\/yoast-seo-wordpress\/ -->\n<title>Cjenik - Turisti\u010dko naselje Brzet<\/title>\n<meta name=\"description\" content=\"Individualni cjenik za 2026. godinu\" \/>\n<meta name=\"robots\" content=\"index, follow, max-snippet:-1, max-image-preview:large, max-video-preview:-1\" \/>\n<link rel=\"canonical\" href=\"https:\/\/brzet.hr\/hr\/cjenik\/\" \/>\n<meta property=\"og:locale\" content=\"hr_HR\" \/>\n<meta property=\"og:type\" content=\"article\" \/>\n<meta property=\"og:title\" content=\"Cjenik - Turisti\u010dko naselje Brzet\" \/>\n<meta property=\"og:description\" content=\"Individualni cjenik za 2026. godinu\" \/>\n<meta property=\"og:url\" content=\"https:\/\/brzet.hr\/hr\/cjenik\/\" \/>\n<meta property=\"og:site_name\" content=\"Turisti\u010dko naselje Brzet\" \/>\n<meta property=\"article:modified_time\" content=\"2026-02-10T09:06:07+00:00\" \/>\n<meta name=\"twitter:card\" content=\"summary_large_image\" \/>\n<meta name=\"twitter:label1\" content=\"Procijenjeno vrijeme \u010ditanja\" \/>\n\t<meta name=\"twitter:data1\" content=\"2 minute\" \/>\n<script type=\"application\/ld+json\" class=\"yoast-schema-graph\">{\"@context\":\"https:\/\/schema.org\",\"@graph\":[{\"@type\":\"WebPage\",\"@id\":\"https:\/\/brzet.hr\/hr\/cjenik\/\",\"url\":\"https:\/\/brzet.hr\/hr\/cjenik\/\",\"name\":\"Cjenik - Turisti\u010dko naselje Brzet\",\"isPartOf\":{\"@id\":\"https:\/\/brzet.hr\/#website\"},\"datePublished\":\"2026-02-02T11:43:42+00:00\",\"dateModified\":\"2026-02-10T09:06:07+00:00\",\"description\":\"Individualni cjenik za 2026. godinu\",\"breadcrumb\":{\"@id\":\"https:\/\/brzet.hr\/hr\/cjenik\/#breadcrumb\"},\"inLanguage\":\"hr\",\"potentialAction\":[{\"@type\":\"ReadAction\",\"target\":[\"https:\/\/brzet.hr\/hr\/cjenik\/\"]}]},{\"@type\":\"BreadcrumbList\",\"@id\":\"https:\/\/brzet.hr\/hr\/cjenik\/#breadcrumb\",\"itemListElement\":[{\"@type\":\"ListItem\",\"position\":1,\"name\":\"Home\",\"item\":\"https:\/\/brzet.hr\/hr\/\"},{\"@type\":\"ListItem\",\"position\":2,\"name\":\"Cjenik\"}]},{\"@type\":\"WebSite\",\"@id\":\"https:\/\/brzet.hr\/#website\",\"url\":\"https:\/\/brzet.hr\/\",\"name\":\"Brzet Tourist Settlement\",\"description\":\"\",\"publisher\":{\"@id\":\"https:\/\/brzet.hr\/#organization\"},\"potentialAction\":[{\"@type\":\"SearchAction\",\"target\":{\"@type\":\"EntryPoint\",\"urlTemplate\":\"https:\/\/brzet.hr\/?s={search_term_string}\"},\"query-input\":{\"@type\":\"PropertyValueSpecification\",\"valueRequired\":true,\"valueName\":\"search_term_string\"}}],\"inLanguage\":\"hr\"},{\"@type\":\"Organization\",\"@id\":\"https:\/\/brzet.hr\/#organization\",\"name\":\"Turisti\u010dko naselje Brzet\",\"url\":\"https:\/\/brzet.hr\/\",\"logo\":{\"@type\":\"ImageObject\",\"inLanguage\":\"hr\",\"@id\":\"https:\/\/brzet.hr\/#\/schema\/logo\/image\/\",\"url\":\"https:\/\/brzet.hr\/wp-content\/uploads\/2026\/02\/logo.png\",\"contentUrl\":\"https:\/\/brzet.hr\/wp-content\/uploads\/2026\/02\/logo.png\",\"width\":424,\"height\":284,\"caption\":\"Turisti\u010dko naselje Brzet\"},\"image\":{\"@id\":\"https:\/\/brzet.hr\/#\/schema\/logo\/image\/\"}}]}<\/script>\n<!-- \/ Yoast SEO plugin. -->","yoast_head_json":{"title":"Cjenik - Turisti\u010dko naselje Brzet","description":"Individualni cjenik za 2026. godinu","robots":{"index":"index","follow":"follow","max-snippet":"max-snippet:-1","max-image-preview":"max-image-preview:large","max-video-preview":"max-video-preview:-1"},"canonical":"https:\/\/brzet.hr\/hr\/cjenik\/","og_locale":"hr_HR","og_type":"article","og_title":"Cjenik - Turisti\u010dko naselje Brzet","og_description":"Individualni cjenik za 2026. godinu","og_url":"https:\/\/brzet.hr\/hr\/cjenik\/","og_site_name":"Turisti\u010dko naselje Brzet","article_modified_time":"2026-02-10T09:06:07+00:00","twitter_card":"summary_large_image","twitter_misc":{"Procijenjeno vrijeme \u010ditanja":"2 minute"},"schema":{"@context":"https:\/\/schema.org","@graph":[{"@type":"WebPage","@id":"https:\/\/brzet.hr\/hr\/cjenik\/","url":"https:\/\/brzet.hr\/hr\/cjenik\/","name":"Cjenik - Turisti\u010dko naselje Brzet","isPartOf":{"@id":"https:\/\/brzet.hr\/#website"},"datePublished":"2026-02-02T11:43:42+00:00","dateModified":"2026-02-10T09:06:07+00:00","description":"Individualni cjenik za 2026. godinu","breadcrumb":{"@id":"https:\/\/brzet.hr\/hr\/cjenik\/#breadcrumb"},"inLanguage":"hr","potentialAction":[{"@type":"ReadAction","target":["https:\/\/brzet.hr\/hr\/cjenik\/"]}]},{"@type":"BreadcrumbList","@id":"https:\/\/brzet.hr\/hr\/cjenik\/#breadcrumb","itemListElement":[{"@type":"ListItem","position":1,"name":"Home","item":"https:\/\/brzet.hr\/hr\/"},{"@type":"ListItem","position":2,"name":"Cjenik"}]},{"@type":"WebSite","@id":"https:\/\/brzet.hr\/#website","url":"https:\/\/brzet.hr\/","name":"Brzet Tourist Settlement","description":"","publisher":{"@id":"https:\/\/brzet.hr\/#organization"},"potentialAction":[{"@type":"SearchAction","target":{"@type":"EntryPoint","urlTemplate":"https:\/\/brzet.hr\/?s={search_term_string}"},"query-input":{"@type":"PropertyValueSpecification","valueRequired":true,"valueName":"search_term_string"}}],"inLanguage":"hr"},{"@type":"Organization","@id":"https:\/\/brzet.hr\/#organization","name":"Turisti\u010dko naselje Brzet","url":"https:\/\/brzet.hr\/","logo":{"@type":"ImageObject","inLanguage":"hr","@id":"https:\/\/brzet.hr\/#\/schema\/logo\/image\/","url":"https:\/\/brzet.hr\/wp-content\/uploads\/2026\/02\/logo.png","contentUrl":"https:\/\/brzet.hr\/wp-content\/uploads\/2026\/02\/logo.png","width":424,"height":284,"caption":"Turisti\u010dko naselje Brzet"},"image":{"@id":"https:\/\/brzet.hr\/#\/schema\/logo\/image\/"}}]}},"_links":{"self":[{"href":"https:\/\/brzet.hr\/hr\/wp-json\/wp\/v2\/pages\/2631","targetHints":{"allow":["GET"]}}],"collection":[{"href":"https:\/\/brzet.hr\/hr\/wp-json\/wp\/v2\/pages"}],"about":[{"href":"https:\/\/brzet.hr\/hr\/wp-json\/wp\/v2\/types\/page"}],"author":[{"embeddable":true,"href":"https:\/\/brzet.hr\/hr\/wp-json\/wp\/v2\/users\/1"}],"replies":[{"embeddable":true,"href":"https:\/\/brzet.hr\/hr\/wp-json\/wp\/v2\/comments?post=2631"}],"version-history":[{"count":4,"href":"https:\/\/brzet.hr\/hr\/wp-json\/wp\/v2\/pages\/2631\/revisions"}],"predecessor-version":[{"id":2637,"href":"https:\/\/brzet.hr\/hr\/wp-json\/wp\/v2\/pages\/2631\/revisions\/2637"}],"wp:attachment":[{"href":"https:\/\/brzet.hr\/hr\/wp-json\/wp\/v2\/media?parent=2631"}],"curies":[{"name":"wp","href":"https:\/\/api.w.org\/{rel}","templated":true}]}}